{"id":1392,"date":"2022-06-24T16:32:05","date_gmt":"2022-06-24T16:32:05","guid":{"rendered":"https:\/\/entornolimpio.org\/?page_id=1392"},"modified":"2025-07-16T23:19:38","modified_gmt":"2025-07-16T23:19:38","slug":"que-hacemos","status":"publish","type":"page","link":"https:\/\/entornolimpio.org\/?page_id=1392","title":{"rendered":"\u00bfQu\u00e9 Hacemos?"},"content":{"rendered":"<div data-colibri-id=\"1392-c1\" class=\"style-387 style-local-1392-c1 position-relative\">\n  <!---->\n  <div data-colibri-component=\"section\" data-colibri-id=\"1392-c2\" id=\"features\" class=\"h-section h-section-global-spacing d-flex align-items-lg-center align-items-md-center align-items-center style-388 style-local-1392-c2 position-relative\">\n    <!---->\n    <!---->\n    <div class=\"h-section-grid-container h-section-boxed-container\">\n      <div data-colibri-id=\"1392-c22\" class=\"h-row-container gutters-row-lg-2 gutters-row-md-2 gutters-row-0 gutters-row-v-lg-2 gutters-row-v-md-2 gutters-row-v-2 style-398 style-local-1392-c22 position-relative\">\n        <!---->\n        <div class=\"h-row justify-content-lg-center justify-content-md-center justify-content-center align-items-lg-stretch align-items-md-stretch align-items-stretch gutters-col-lg-2 gutters-col-md-2 gutters-col-0 gutters-col-v-lg-2 gutters-col-v-md-2 gutters-col-v-2\">\n          <!---->\n          <div class=\"h-column h-column-container d-flex h-col-lg-auto h-col-md-auto h-col-auto style-399-outer style-local-1392-c23-outer\">\n            <div data-colibri-id=\"1392-c23\" class=\"d-flex h-flex-basis h-column__inner h-px-lg-2 h-px-md-2 h-px-2 v-inner-lg-2 v-inner-md-2 v-inner-2 style-399 style-local-1392-c23 position-relative\">\n              <!---->\n              <!---->\n              <div class=\"w-100 h-y-container h-column__content h-column__v-align flex-basis-100 align-self-lg-start align-self-md-start align-self-start\">\n                <!---->\n                <div data-colibri-id=\"1392-c24\" class=\"h-global-transition-all h-heading style-400 style-local-1392-c24 position-relative h-element\">\n                  <!---->\n                  <div class=\"h-heading__outer style-400 style-local-1392-c24\">\n                    <!---->\n                    <!---->\n                    <h2 class=\"\">Conoce Nuestro Trabajo<\/h2>\n                  <\/div>\n                <\/div>\n              <\/div>\n            <\/div>\n          <\/div>\n        <\/div>\n      <\/div>\n      <div data-colibri-id=\"1392-c3\" class=\"h-row-container gutters-row-lg-2 gutters-row-md-2 gutters-row-2 gutters-row-v-lg-2 gutters-row-v-md-2 gutters-row-v-2 style-389 style-local-1392-c3 position-relative\">\n        <!---->\n        <div class=\"h-row justify-content-lg-center justify-content-md-center justify-content-center align-items-lg-stretch align-items-md-stretch align-items-stretch gutters-col-lg-2 gutters-col-md-2 gutters-col-2 gutters-col-v-lg-2 gutters-col-v-md-2 gutters-col-v-2\">\n          <!---->\n          <div class=\"h-column h-column-container d-flex h-col-lg-4 h-col-md-6 h-col-12 style-390-outer style-local-1392-c4-outer\">\n            <div data-colibri-id=\"1392-c4\" class=\"d-flex h-flex-basis h-column__inner h-px-lg-0 h-px-md-0 h-px-0 v-inner-lg-0 v-inner-md-0 v-inner-0 style-390 style-local-1392-c4 position-relative\">\n              <!---->\n              <!---->\n              <div class=\"w-100 h-y-container h-column__content h-column__v-align flex-basis-100 align-self-lg-start align-self-md-start align-self-start\">\n                <!---->\n                <div data-colibri-id=\"1392-c5\" class=\"d-block style-391 style-local-1392-c5 position-relative h-element\">\n                  <!---->\n                  <div class=\"h-image__frame-container-outer\">\n                    <div class=\"h-image__frame-container\">\n                      <!---->\n                      <!---->\n                      <img loading=\"lazy\" decoding=\"async\" width=\"1280\" height=\"853\" src=\"http:\/\/entornolimpio.org\/wp-content\/uploads\/2022\/06\/17.jpg\" class=\"wp-image-1394 style-391-image style-local-1392-c5-image\" alt=\"\" srcset=\"https:\/\/entornolimpio.org\/wp-content\/uploads\/2022\/06\/17.jpg 1280w, https:\/\/entornolimpio.org\/wp-content\/uploads\/2022\/06\/17-300x200.jpg 300w, https:\/\/entornolimpio.org\/wp-content\/uploads\/2022\/06\/17-1024x682.jpg 1024w, https:\/\/entornolimpio.org\/wp-content\/uploads\/2022\/06\/17-768x512.jpg 768w\" sizes=\"auto, (max-width: 1280px) 100vw, 1280px\" \/>\n                      <div class=\"h-image__frame h-hide-lg h-hide-md h-hide-sm style-391-frameImage style-local-1392-c5-frameImage\"><\/div>\n                    <\/div>\n                  <\/div>\n                <\/div>\n                <div data-colibri-id=\"1392-c6\" class=\"h-row-container gutters-row-lg-0 gutters-row-md-0 gutters-row-2 gutters-row-v-lg-0 gutters-row-v-md-0 gutters-row-v-2 style-392 style-local-1392-c6 position-relative\">\n                  <!---->\n                  <div class=\"h-row justify-content-lg-center justify-content-md-center justify-content-center align-items-lg-stretch align-items-md-stretch align-items-stretch gutters-col-lg-0 gutters-col-md-0 gutters-col-2 gutters-col-v-lg-0 gutters-col-v-md-0 gutters-col-v-2\">\n                    <!---->\n                    <div class=\"h-column h-column-container d-flex h-col-lg-auto h-col-md-auto h-col-auto style-393-outer style-local-1392-c7-outer\">\n                      <div data-colibri-id=\"1392-c7\" class=\"d-flex h-flex-basis h-column__inner h-px-lg-2 h-px-md-3 h-px-2 v-inner-lg-2 v-inner-md-3 v-inner-2 style-393 style-local-1392-c7 position-relative\">\n                        <!---->\n                        <!---->\n                        <div class=\"w-100 h-y-container h-column__content h-column__v-align flex-basis-100 align-self-lg-start align-self-md-start align-self-start\">\n                          <!---->\n                          <div data-colibri-id=\"1392-c8\" class=\"h-global-transition-all h-heading style-394 style-local-1392-c8 position-relative h-element\">\n                            <!---->\n                            <div class=\"h-heading__outer style-394 style-local-1392-c8\">\n                              <!---->\n                              <!---->\n                              <h4 class=\"\">Trabajo<\/h4>\n                            <\/div>\n                          <\/div>\n                          <div data-colibri-id=\"1392-c9\" class=\"h-text h-text-component style-395 style-local-1392-c9 position-relative h-element\">\n                            <!---->\n                            <!---->\n                            <div class=\"\">\n                              <p>Trabajamos arduamente por la prevenci\u00f3n, protecci\u00f3n y recuperaci\u00f3n del Medio Ambiente. Nuestra convicci\u00f3n de saber que trabajamos en pos de la defensa del medio ambiente, nos motiva diariamente a contribuir para mejorar el\n                                planeta, comunidades y territorios.<\/p>\n                            <\/div>\n                          <\/div>\n                        <\/div>\n                      <\/div>\n                    <\/div>\n                  <\/div>\n                <\/div>\n              <\/div>\n            <\/div>\n          <\/div>\n          <div class=\"h-column h-column-container d-flex h-col-lg-4 h-col-md-6 h-col-12 style-390-outer style-local-1392-c10-outer\">\n            <div data-colibri-id=\"1392-c10\" class=\"d-flex h-flex-basis h-column__inner h-px-lg-0 h-px-md-0 h-px-0 v-inner-lg-0 v-inner-md-0 v-inner-0 style-390 style-local-1392-c10 position-relative\">\n              <!---->\n              <!---->\n              <div class=\"w-100 h-y-container h-column__content h-column__v-align flex-basis-100 align-self-lg-start align-self-md-start align-self-start\">\n                <!---->\n                <div data-colibri-id=\"1392-c11\" class=\"d-block style-391 style-local-1392-c11 position-relative h-element\">\n                  <!---->\n                  <div class=\"h-image__frame-container-outer\">\n                    <div class=\"h-image__frame-container\">\n                      <!---->\n                      <!---->\n                      <img loading=\"lazy\" decoding=\"async\" width=\"458\" height=\"338\" src=\"http:\/\/entornolimpio.org\/wp-content\/uploads\/2022\/06\/cropped-18-2.jpg\" class=\"wp-image-1398 style-391-image style-local-1392-c11-image\" alt=\"\" srcset=\"https:\/\/entornolimpio.org\/wp-content\/uploads\/2022\/06\/cropped-18-2.jpg 458w, https:\/\/entornolimpio.org\/wp-content\/uploads\/2022\/06\/cropped-18-2-300x221.jpg 300w\" sizes=\"auto, (max-width: 458px) 100vw, 458px\" \/>\n                      <div class=\"h-image__frame h-hide-lg h-hide-md h-hide-sm style-391-frameImage style-local-1392-c11-frameImage\"><\/div>\n                    <\/div>\n                  <\/div>\n                <\/div>\n                <div data-colibri-id=\"1392-c12\" class=\"h-row-container gutters-row-lg-0 gutters-row-md-0 gutters-row-2 gutters-row-v-lg-0 gutters-row-v-md-0 gutters-row-v-2 style-392 style-local-1392-c12 position-relative\">\n                  <!---->\n                  <div class=\"h-row justify-content-lg-center justify-content-md-center justify-content-center align-items-lg-stretch align-items-md-stretch align-items-stretch gutters-col-lg-0 gutters-col-md-0 gutters-col-2 gutters-col-v-lg-0 gutters-col-v-md-0 gutters-col-v-2\">\n                    <!---->\n                    <div class=\"h-column h-column-container d-flex h-col-lg-auto h-col-md-auto h-col-auto style-393-outer style-local-1392-c13-outer\">\n                      <div data-colibri-id=\"1392-c13\" class=\"d-flex h-flex-basis h-column__inner h-px-lg-2 h-px-md-3 h-px-2 v-inner-lg-2 v-inner-md-3 v-inner-2 style-393 style-local-1392-c13 position-relative\">\n                        <!---->\n                        <!---->\n                        <div class=\"w-100 h-y-container h-column__content h-column__v-align flex-basis-100 align-self-lg-start align-self-md-start align-self-start\">\n                          <!---->\n                          <div data-colibri-id=\"1392-c14\" class=\"h-global-transition-all h-heading style-394 style-local-1392-c14 position-relative h-element\">\n                            <!---->\n                            <div class=\"h-heading__outer style-394 style-local-1392-c14\">\n                              <!---->\n                              <!---->\n                              <h4 class=\"\">Planeta Libre<\/h4>\n                            <\/div>\n                          <\/div>\n                          <div data-colibri-id=\"1392-c15\" class=\"h-text h-text-component style-395 style-local-1392-c15 position-relative h-element\">\n                            <!---->\n                            <!---->\n                            <div class=\"\">\n                              <p>Nos mueve la defensa de convivir en un planeta libre de contaminaci\u00f3n. Trabajamos codo a codo con comunidades y entidades de todo el territorio, apoy\u00e1ndolas de manera integral en sus conflictos con la poluci\u00f3n.<\/p>\n                            <\/div>\n                          <\/div>\n                        <\/div>\n                      <\/div>\n                    <\/div>\n                  <\/div>\n                <\/div>\n              <\/div>\n            <\/div>\n          <\/div>\n          <div class=\"h-column h-column-container d-flex h-col-lg-4 h-col-md-6 h-col-12 style-390-outer style-local-1392-c16-outer\">\n            <div data-colibri-id=\"1392-c16\" class=\"d-flex h-flex-basis h-column__inner h-px-lg-0 h-px-md-0 h-px-0 v-inner-lg-0 v-inner-md-0 v-inner-0 style-390 style-local-1392-c16 position-relative\">\n              <!---->\n              <!---->\n              <div class=\"w-100 h-y-container h-column__content h-column__v-align flex-basis-100 align-self-lg-start align-self-md-start align-self-start\">\n                <!---->\n                <div data-colibri-id=\"1392-c17\" class=\"d-block style-391 style-local-1392-c17 position-relative h-element\">\n                  <!---->\n                  <div class=\"h-image__frame-container-outer\">\n                    <div class=\"h-image__frame-container\">\n                      <!---->\n                      <!---->\n                      <img loading=\"lazy\" decoding=\"async\" width=\"600\" height=\"400\" src=\"http:\/\/entornolimpio.org\/wp-content\/uploads\/2022\/06\/19.jpg\" class=\"wp-image-1399 style-391-image style-local-1392-c17-image\" alt=\"\" srcset=\"https:\/\/entornolimpio.org\/wp-content\/uploads\/2022\/06\/19.jpg 600w, https:\/\/entornolimpio.org\/wp-content\/uploads\/2022\/06\/19-300x200.jpg 300w\" sizes=\"auto, (max-width: 600px) 100vw, 600px\" \/>\n                      <div class=\"h-image__frame h-hide-lg h-hide-md h-hide-sm style-391-frameImage style-local-1392-c17-frameImage\"><\/div>\n                    <\/div>\n                  <\/div>\n                <\/div>\n                <div data-colibri-id=\"1392-c18\" class=\"h-row-container gutters-row-lg-0 gutters-row-md-0 gutters-row-2 gutters-row-v-lg-0 gutters-row-v-md-0 gutters-row-v-2 style-392 style-local-1392-c18 position-relative\">\n                  <!---->\n                  <div class=\"h-row justify-content-lg-center justify-content-md-center justify-content-center align-items-lg-stretch align-items-md-stretch align-items-stretch gutters-col-lg-0 gutters-col-md-0 gutters-col-2 gutters-col-v-lg-0 gutters-col-v-md-0 gutters-col-v-2\">\n                    <!---->\n                    <div class=\"h-column h-column-container d-flex h-col-lg-auto h-col-md-auto h-col-auto style-393-outer style-local-1392-c19-outer\">\n                      <div data-colibri-id=\"1392-c19\" class=\"d-flex h-flex-basis h-column__inner h-px-lg-2 h-px-md-3 h-px-2 v-inner-lg-2 v-inner-md-3 v-inner-2 style-393 style-local-1392-c19 position-relative\">\n                        <!---->\n                        <!---->\n                        <div class=\"w-100 h-y-container h-column__content h-column__v-align flex-basis-100 align-self-lg-start align-self-md-start align-self-start\">\n                          <!---->\n                          <div data-colibri-id=\"1392-c20\" class=\"h-global-transition-all h-heading style-394 style-local-1392-c20 position-relative h-element\">\n                            <!---->\n                            <div class=\"h-heading__outer style-394 style-local-1392-c20\">\n                              <!---->\n                              <!---->\n                              <h4 class=\"\">Educaci\u00f3n&nbsp;<\/h4>\n                            <\/div>\n                          <\/div>\n                          <div data-colibri-id=\"1392-c21\" class=\"h-text h-text-component style-395 style-local-1392-c21 position-relative h-element\">\n                            <!---->\n                            <!---->\n                            <div class=\"\">\n                              <p>Entregamos Educaci\u00f3n Ambiental en los territorios que trabajamos, para sensibilizar y ampliar el cuidado del entorno, apuntando a desarrollar una relaci\u00f3n arm\u00f3nica con el medio natural.<\/p>\n                            <\/div>\n                          <\/div>\n                        <\/div>\n                      <\/div>\n                    <\/div>\n                  <\/div>\n                <\/div>\n              <\/div>\n            <\/div>\n          <\/div>\n        <\/div>\n      <\/div>\n    <\/div>\n  <\/div>\n  <div data-colibri-component=\"section\" data-colibri-id=\"1392-c25\" id=\"custom\" class=\"h-section h-section-global-spacing d-flex align-items-lg-center align-items-md-center align-items-center style-476 style-local-1392-c25 position-relative\">\n    <!---->\n    <!---->\n    <div class=\"h-section-grid-container h-section-boxed-container\">\n      <!---->\n      <div data-colibri-id=\"1392-c26\" class=\"h-row-container gutters-row-lg-2 gutters-row-md-2 gutters-row-0 gutters-row-v-lg-2 gutters-row-v-md-2 gutters-row-v-2 style-477 style-local-1392-c26 position-relative\">\n        <!---->\n        <div class=\"h-row justify-content-lg-center justify-content-md-center justify-content-center align-items-lg-stretch align-items-md-stretch align-items-stretch gutters-col-lg-2 gutters-col-md-2 gutters-col-0 gutters-col-v-lg-2 gutters-col-v-md-2 gutters-col-v-2\">\n          <!---->\n          <div class=\"h-column h-column-container d-flex h-col-lg-auto h-col-md-auto h-col-auto style-478-outer style-local-1392-c27-outer\">\n            <div data-colibri-id=\"1392-c27\" class=\"d-flex h-flex-basis h-column__inner h-px-lg-2 h-px-md-2 h-px-2 v-inner-lg-2 v-inner-md-2 v-inner-2 style-478 style-local-1392-c27 position-relative\">\n              <!---->\n              <!---->\n              <div class=\"w-100 h-y-container h-column__content h-column__v-align flex-basis-100 align-self-lg-start align-self-md-start align-self-start\">\n                <!---->\n                <div data-colibri-id=\"1392-c28\" class=\"style-479 style-local-1392-c28 position-relative h-element\">\n                  <!---->\n                <\/div>\n              <\/div>\n            <\/div>\n          <\/div>\n        <\/div>\n      <\/div>\n    <\/div>\n  <\/div>\n<\/div>","protected":false},"excerpt":{"rendered":"<p>Conoce Nuestro Trabajo Trabajo Trabajamos arduamente por la prevenci\u00f3n, protecci\u00f3n y recuperaci\u00f3n del Medio Ambiente. Nuestra convicci\u00f3n de saber que trabajamos en pos de la defensa del medio ambiente, nos motiva diariamente a contribuir para mejorar el planeta, comunidades y territorios. Planeta Libre Nos mueve la defensa de convivir en un planeta libre de contaminaci\u00f3n. [&hellip;]<\/p>\n","protected":false},"author":1,"featured_media":0,"parent":0,"menu_order":0,"comment_status":"closed","ping_status":"closed","template":"page-templates\/full-width-page.php","meta":{"om_disable_all_campaigns":false,"_monsterinsights_skip_tracking":false,"_monsterinsights_sitenote_active":false,"_monsterinsights_sitenote_note":"","_monsterinsights_sitenote_category":0,"footnotes":""},"class_list":["post-1392","page","type-page","status-publish","hentry"],"aioseo_notices":[],"_links":{"self":[{"href":"https:\/\/entornolimpio.org\/index.php?rest_route=\/wp\/v2\/pages\/1392","targetHints":{"allow":["GET"]}}],"collection":[{"href":"https:\/\/entornolimpio.org\/index.php?rest_route=\/wp\/v2\/pages"}],"about":[{"href":"https:\/\/entornolimpio.org\/index.php?rest_route=\/wp\/v2\/types\/page"}],"author":[{"embeddable":true,"href":"https:\/\/entornolimpio.org\/index.php?rest_route=\/wp\/v2\/users\/1"}],"replies":[{"embeddable":true,"href":"https:\/\/entornolimpio.org\/index.php?rest_route=%2Fwp%2Fv2%2Fcomments&post=1392"}],"version-history":[{"count":4,"href":"https:\/\/entornolimpio.org\/index.php?rest_route=\/wp\/v2\/pages\/1392\/revisions"}],"predecessor-version":[{"id":1732,"href":"https:\/\/entornolimpio.org\/index.php?rest_route=\/wp\/v2\/pages\/1392\/revisions\/1732"}],"wp:attachment":[{"href":"https:\/\/entornolimpio.org\/index.php?rest_route=%2Fwp%2Fv2%2Fmedia&parent=1392"}],"curies":[{"name":"wp","href":"https:\/\/api.w.org\/{rel}","templated":true}]}}