{"id":1370,"date":"2022-06-23T20:59:54","date_gmt":"2022-06-23T20:59:54","guid":{"rendered":"https:\/\/entornolimpio.org\/?page_id=1370"},"modified":"2025-07-16T23:10:03","modified_gmt":"2025-07-16T23:10:03","slug":"nosotros","status":"publish","type":"page","link":"https:\/\/entornolimpio.org\/?page_id=1370","title":{"rendered":"Nosotros"},"content":{"rendered":"<div data-colibri-id=\"1370-c1\" class=\"style-334 style-local-1370-c1 position-relative\">\n  <!---->\n  <div data-colibri-component=\"section\" data-colibri-id=\"1370-c2\" id=\"about\" class=\"h-section h-section-global-spacing d-flex align-items-lg-center align-items-md-center align-items-center style-335 style-local-1370-c2 position-relative\">\n    <!---->\n    <!---->\n    <div class=\"h-section-grid-container h-section-boxed-container\">\n      <!---->\n      <div data-colibri-id=\"1370-c3\" class=\"h-row-container gutters-row-lg-2 gutters-row-md-2 gutters-row-2 gutters-row-v-lg-2 gutters-row-v-md-2 gutters-row-v-2 style-336 style-local-1370-c3 position-relative\">\n        <!---->\n        <div class=\"h-row justify-content-lg-center justify-content-md-center justify-content-center align-items-lg-stretch align-items-md-stretch align-items-stretch gutters-col-lg-2 gutters-col-md-2 gutters-col-2 gutters-col-v-lg-2 gutters-col-v-md-2 gutters-col-v-2\">\n          <!---->\n          <div class=\"h-column h-column-container d-flex h-col-lg-auto h-col-md-auto h-col-auto style-337-outer style-local-1370-c4-outer\">\n            <div data-colibri-id=\"1370-c4\" class=\"d-flex h-flex-basis h-column__inner h-px-lg-2 h-px-md-2 h-px-2 v-inner-lg-2 v-inner-md-2 v-inner-2 style-337 style-local-1370-c4 position-relative\">\n              <!---->\n              <!---->\n              <div class=\"w-100 h-y-container h-column__content h-column__v-align flex-basis-100 align-self-lg-center align-self-md-center align-self-center\">\n                <!---->\n                <div data-colibri-id=\"1370-c5\" class=\"h-global-transition-all h-heading style-339 style-local-1370-c5 position-relative h-element\">\n                  <!---->\n                  <div class=\"h-heading__outer style-339 style-local-1370-c5\">\n                    <!---->\n                    <!---->\n                    <h2 class=\"\"><em style=\"color: rgb(3, 169, 244); font-family: &quot;Playfair Display&quot;;\">Nuestros<\/em>&nbsp;<em style=\"color: rgb(3, 169, 244); font-family: &quot;Playfair Display&quot;;\">Inicios<\/em><\/h2>\n                  <\/div>\n                <\/div>\n                <div data-colibri-id=\"1370-c6\" class=\"h-lead h-text h-text-component style-340 style-local-1370-c6 position-relative h-element\">\n                  <!---->\n                  <!---->\n                  <div class=\"\">\n                    <p>\n                      <br>A principios del a\u00f1o 2016 nace la ONG ENTORNO LIMPIO como una organizaci\u00f3n dedicada a la responsabilidad social ambiental, con el prop\u00f3sito de ofrecer una soluci\u00f3n a la problem\u00e1tica de contaminaci\u00f3n medioambiental.<\/p>\n                  <\/div>\n                <\/div>\n              <\/div>\n            <\/div>\n          <\/div>\n          <div class=\"h-column h-column-container d-flex h-col-lg-auto h-col-md-auto h-col-auto style-343-outer style-local-1370-c7-outer\">\n            <div data-colibri-id=\"1370-c7\" class=\"d-flex h-flex-basis h-column__inner h-px-lg-2 h-px-md-2 h-px-2 v-inner-lg-2 v-inner-md-2 v-inner-2 style-343 style-local-1370-c7 position-relative\">\n              <!---->\n              <!---->\n              <div class=\"w-100 h-y-container h-column__content h-column__v-align flex-basis-100 align-self-lg-center align-self-md-center align-self-center\">\n                <!---->\n                <div data-colibri-id=\"1370-c8\" class=\"d-block style-344 style-local-1370-c8 position-relative h-element\">\n                  <!---->\n                  <div class=\"h-image__frame-container-outer\">\n                    <div class=\"h-image__frame-container\">\n                      <!---->\n                      <!---->\n                      <img loading=\"lazy\" decoding=\"async\" width=\"800\" height=\"400\" src=\"http:\/\/entornolimpio.org\/wp-content\/uploads\/2025\/07\/contaminacion-ambiental-e1618532000745.jpg\" class=\"wp-image-1702 style-344-image style-local-1370-c8-image\" alt=\"\" srcset=\"https:\/\/entornolimpio.org\/wp-content\/uploads\/2025\/07\/contaminacion-ambiental-e1618532000745.jpg 800w, https:\/\/entornolimpio.org\/wp-content\/uploads\/2025\/07\/contaminacion-ambiental-e1618532000745-300x150.jpg 300w, https:\/\/entornolimpio.org\/wp-content\/uploads\/2025\/07\/contaminacion-ambiental-e1618532000745-768x384.jpg 768w\" sizes=\"auto, (max-width: 800px) 100vw, 800px\" \/>\n                      <div class=\"h-image__frame h-hide-sm style-344-frameImage style-local-1370-c8-frameImage\"><\/div>\n                    <\/div>\n                  <\/div>\n                <\/div>\n              <\/div>\n            <\/div>\n          <\/div>\n        <\/div>\n      <\/div>\n    <\/div>\n  <\/div>\n  <div data-colibri-component=\"section\" data-colibri-id=\"1370-c9\" id=\"about-2\" class=\"h-section h-section-global-spacing d-flex align-items-lg-center align-items-md-center align-items-center style-345 style-local-1370-c9 position-relative\">\n    <!---->\n    <!---->\n    <div class=\"h-section-grid-container h-section-boxed-container\">\n      <!---->\n      <div data-colibri-id=\"1370-c10\" class=\"h-row-container gutters-row-lg-2 gutters-row-md-2 gutters-row-2 gutters-row-v-lg-2 gutters-row-v-md-2 gutters-row-v-2 style-346 style-local-1370-c10 position-relative\">\n        <!---->\n        <div class=\"h-row justify-content-lg-center justify-content-md-center justify-content-center align-items-lg-stretch align-items-md-stretch align-items-stretch gutters-col-lg-2 gutters-col-md-2 gutters-col-2 gutters-col-v-lg-2 gutters-col-v-md-2 gutters-col-v-2\">\n          <!---->\n          <div class=\"h-column h-column-container d-flex h-col-lg-auto h-col-md-auto h-col-auto style-347-outer style-local-1370-c11-outer\">\n            <div data-colibri-id=\"1370-c11\" class=\"d-flex h-flex-basis h-column__inner h-px-lg-2 h-px-md-2 h-px-2 v-inner-lg-2 v-inner-md-2 v-inner-2 style-347 style-local-1370-c11 position-relative\">\n              <!---->\n              <!---->\n              <div class=\"w-100 h-y-container h-column__content h-column__v-align flex-basis-100 align-self-lg-center align-self-md-center align-self-center\">\n                <!---->\n                <div data-colibri-id=\"1370-c12\" class=\"h-global-transition-all h-heading style-349 style-local-1370-c12 position-relative h-element\">\n                  <!---->\n                  <div class=\"h-heading__outer style-349 style-local-1370-c12\">\n                    <!---->\n                    <!---->\n                    <h2 class=\"\"><em style=\"color: rgb(3, 169, 244); font-family: &quot;Playfair Display&quot;;\">Nuestra Capacidad<\/em><\/h2>\n                  <\/div>\n                <\/div>\n                <div data-colibri-id=\"1370-c13\" class=\"h-lead h-text h-text-component style-350 style-local-1370-c13 position-relative h-element\">\n                  <!---->\n                  <!---->\n                  <div class=\"\">\n                    <p>\n                      <br>Una de las cualidades que destaca en nuestra organizaci\u00f3n ENTORNO LIMPIO, gracias a su naturaleza colaborativa, consiste en la capacidad de integrar infraestructura de monitoreo y datos sobre calidad del aire recolectados tanto por\n                      autoridades ambientales establecidas como por ciudadanos en una comunidad. De hecho, gracias a esta caracter\u00edstica y a los convenios adquiridos con las autoridades colaborativas, se incluyen en la red de las mediciones arrojadas\n                      por las estaciones de monitoreo oficiales.<\/p>\n                  <\/div>\n                <\/div>\n              <\/div>\n            <\/div>\n          <\/div>\n          <div class=\"h-column h-column-container d-flex h-col-lg-auto h-col-md-auto h-col-auto style-353-outer style-local-1370-c14-outer\">\n            <div data-colibri-id=\"1370-c14\" class=\"d-flex h-flex-basis h-column__inner h-px-lg-2 h-px-md-2 h-px-2 v-inner-lg-2 v-inner-md-2 v-inner-2 style-353 style-local-1370-c14 position-relative\">\n              <!---->\n              <!---->\n              <div class=\"w-100 h-y-container h-column__content h-column__v-align flex-basis-100 align-self-lg-center align-self-md-center align-self-center\">\n                <!---->\n                <div data-colibri-id=\"1370-c15\" class=\"d-block style-354 style-local-1370-c15 position-relative h-element\">\n                  <!---->\n                  <div class=\"h-image__frame-container-outer\">\n                    <div class=\"h-image__frame-container\">\n                      <!---->\n                      <!---->\n                      <img loading=\"lazy\" decoding=\"async\" width=\"740\" height=\"335\" src=\"http:\/\/entornolimpio.org\/wp-content\/uploads\/2022\/06\/9.jpg\" class=\"wp-image-1375 style-354-image style-local-1370-c15-image\" alt=\"\" srcset=\"https:\/\/entornolimpio.org\/wp-content\/uploads\/2022\/06\/9.jpg 740w, https:\/\/entornolimpio.org\/wp-content\/uploads\/2022\/06\/9-300x136.jpg 300w\" sizes=\"auto, (max-width: 740px) 100vw, 740px\" \/>\n                      <div class=\"h-image__frame h-hide-sm style-354-frameImage style-local-1370-c15-frameImage\"><\/div>\n                    <\/div>\n                  <\/div>\n                <\/div>\n              <\/div>\n            <\/div>\n          <\/div>\n        <\/div>\n      <\/div>\n    <\/div>\n  <\/div>\n  <div data-colibri-component=\"section\" data-colibri-id=\"1370-c16\" id=\"about-3\" class=\"h-section h-section-global-spacing d-flex align-items-lg-center align-items-md-center align-items-center style-355 style-local-1370-c16 position-relative\">\n    <!---->\n    <!---->\n    <div class=\"h-section-grid-container h-section-boxed-container\">\n      <!---->\n      <div data-colibri-id=\"1370-c17\" class=\"h-row-container gutters-row-lg-2 gutters-row-md-2 gutters-row-2 gutters-row-v-lg-2 gutters-row-v-md-2 gutters-row-v-2 style-356 style-local-1370-c17 position-relative\">\n        <!---->\n        <div class=\"h-row justify-content-lg-center justify-content-md-center justify-content-center align-items-lg-stretch align-items-md-stretch align-items-stretch gutters-col-lg-2 gutters-col-md-2 gutters-col-2 gutters-col-v-lg-2 gutters-col-v-md-2 gutters-col-v-2\">\n          <!---->\n          <div class=\"h-column h-column-container d-flex h-col-lg-auto h-col-md-auto h-col-auto style-357-outer style-local-1370-c18-outer\">\n            <div data-colibri-id=\"1370-c18\" class=\"d-flex h-flex-basis h-column__inner h-px-lg-2 h-px-md-2 h-px-2 v-inner-lg-2 v-inner-md-2 v-inner-2 style-357 style-local-1370-c18 position-relative\">\n              <!---->\n              <!---->\n              <div class=\"w-100 h-y-container h-column__content h-column__v-align flex-basis-100 align-self-lg-center align-self-md-center align-self-center\">\n                <!---->\n                <div data-colibri-id=\"1370-c19\" class=\"h-global-transition-all h-heading style-359 style-local-1370-c19 position-relative h-element\">\n                  <!---->\n                  <div class=\"h-heading__outer style-359 style-local-1370-c19\">\n                    <!---->\n                    <!---->\n                    <h2 class=\"\"><em style=\"font-family: &quot;Playfair Display&quot;; color: rgb(3, 169, 244);\">Como lo Hacemos<\/em><\/h2>\n                  <\/div>\n                <\/div>\n                <div data-colibri-id=\"1370-c20\" class=\"h-lead h-text h-text-component style-360 style-local-1370-c20 position-relative h-element\">\n                  <!---->\n                  <!---->\n                  <div class=\"\">\n                    <p>\n                      <br>Esta plataforma tecnol\u00f3gica se encuentra integrada por hardware y software (Sensores y programa computacional). El hardware se compone por sensores instalados en diferentes puntos de una determinada \u00e1rea geogr\u00e1fica, dise\u00f1ados para\n                      medir la contaminaci\u00f3n del aire; en tanto el software comprende tanto aplicaciones m\u00f3viles como un portal web que despliega de manera georreferenciada la ubicaci\u00f3n de los sensores y sus mediciones.<\/p>\n                  <\/div>\n                <\/div>\n              <\/div>\n            <\/div>\n          <\/div>\n          <div class=\"h-column h-column-container d-flex h-col-lg-auto h-col-md-auto h-col-auto style-363-outer style-local-1370-c21-outer\">\n            <div data-colibri-id=\"1370-c21\" class=\"d-flex h-flex-basis h-column__inner h-px-lg-2 h-px-md-2 h-px-2 v-inner-lg-2 v-inner-md-2 v-inner-2 style-363 style-local-1370-c21 position-relative\">\n              <!---->\n              <!---->\n              <div class=\"w-100 h-y-container h-column__content h-column__v-align flex-basis-100 align-self-lg-center align-self-md-center align-self-center\">\n                <!---->\n                <div data-colibri-id=\"1370-c22\" class=\"d-block style-364 style-local-1370-c22 position-relative h-element\">\n                  <!---->\n                  <div class=\"h-image__frame-container-outer\">\n                    <div class=\"h-image__frame-container\">\n                      <!---->\n                      <!---->\n                      <img loading=\"lazy\" decoding=\"async\" width=\"2000\" height=\"1500\" src=\"http:\/\/entornolimpio.org\/wp-content\/uploads\/2022\/06\/10.jpg\" class=\"wp-image-1376 style-364-image style-local-1370-c22-image\" alt=\"\" srcset=\"https:\/\/entornolimpio.org\/wp-content\/uploads\/2022\/06\/10.jpg 2000w, https:\/\/entornolimpio.org\/wp-content\/uploads\/2022\/06\/10-300x225.jpg 300w, https:\/\/entornolimpio.org\/wp-content\/uploads\/2022\/06\/10-1024x768.jpg 1024w, https:\/\/entornolimpio.org\/wp-content\/uploads\/2022\/06\/10-768x576.jpg 768w, https:\/\/entornolimpio.org\/wp-content\/uploads\/2022\/06\/10-1536x1152.jpg 1536w\" sizes=\"auto, (max-width: 2000px) 100vw, 2000px\" \/>\n                      <div class=\"h-image__frame h-hide-sm style-364-frameImage style-local-1370-c22-frameImage\"><\/div>\n                    <\/div>\n                  <\/div>\n                <\/div>\n              <\/div>\n            <\/div>\n          <\/div>\n        <\/div>\n      <\/div>\n    <\/div>\n  <\/div>\n<\/div>","protected":false},"excerpt":{"rendered":"<p>Nuestros&nbsp;Inicios A principios del a\u00f1o 2016 nace la ONG ENTORNO LIMPIO como una organizaci\u00f3n dedicada a la responsabilidad social ambiental, con el prop\u00f3sito de ofrecer una soluci\u00f3n a la problem\u00e1tica de contaminaci\u00f3n medioambiental. Nuestra Capacidad Una de las cualidades que destaca en nuestra organizaci\u00f3n ENTORNO LIMPIO, gracias a su naturaleza colaborativa, consiste en la capacidad [&hellip;]<\/p>\n","protected":false},"author":1,"featured_media":0,"parent":0,"menu_order":0,"comment_status":"closed","ping_status":"closed","template":"page-templates\/full-width-page.php","meta":{"om_disable_all_campaigns":false,"_monsterinsights_skip_tracking":false,"_monsterinsights_sitenote_active":false,"_monsterinsights_sitenote_note":"","_monsterinsights_sitenote_category":0,"footnotes":""},"class_list":["post-1370","page","type-page","status-publish","hentry"],"aioseo_notices":[],"_links":{"self":[{"href":"https:\/\/entornolimpio.org\/index.php?rest_route=\/wp\/v2\/pages\/1370","targetHints":{"allow":["GET"]}}],"collection":[{"href":"https:\/\/entornolimpio.org\/index.php?rest_route=\/wp\/v2\/pages"}],"about":[{"href":"https:\/\/entornolimpio.org\/index.php?rest_route=\/wp\/v2\/types\/page"}],"author":[{"embeddable":true,"href":"https:\/\/entornolimpio.org\/index.php?rest_route=\/wp\/v2\/users\/1"}],"replies":[{"embeddable":true,"href":"https:\/\/entornolimpio.org\/index.php?rest_route=%2Fwp%2Fv2%2Fcomments&post=1370"}],"version-history":[{"count":3,"href":"https:\/\/entornolimpio.org\/index.php?rest_route=\/wp\/v2\/pages\/1370\/revisions"}],"predecessor-version":[{"id":1704,"href":"https:\/\/entornolimpio.org\/index.php?rest_route=\/wp\/v2\/pages\/1370\/revisions\/1704"}],"wp:attachment":[{"href":"https:\/\/entornolimpio.org\/index.php?rest_route=%2Fwp%2Fv2%2Fmedia&parent=1370"}],"curies":[{"name":"wp","href":"https:\/\/api.w.org\/{rel}","templated":true}]}}